{"id":1677,"date":"2023-10-11T16:25:18","date_gmt":"2023-10-11T14:25:18","guid":{"rendered":"https:\/\/seineavenue.com\/a-la-decouverte-dun-univers-singulier\/"},"modified":"2024-04-24T16:10:28","modified_gmt":"2024-04-24T14:10:28","slug":"news","status":"publish","type":"page","link":"https:\/\/seineavenue.com\/en\/news\/","title":{"rendered":"DISCOVERING A SINGULAR UNIVERSE"},"content":{"rendered":"\n<div class=\"wp-block-create-block-uikit-gutenberg-section\"><div id=\"\" style=\"background-color:#f1f1f1\" class=\"pt-16 pb-16\"><div class=\"container flex flex-col gap-y-4 mb-14\"><h2 class=\"uikit-title h2\">EMBARK ON A <s>BOAT WITH CHARACTER<\/s> OF YOUR LIKING<\/h2><\/div><div class=\"container mx-auto flex flex-col lg:flex-row gap-y-8 gap-x-6\">\n<div class=\"wp-block-create-block-uikit-gutenberg-section-item flex-1 col-span-1\"><a href=\"https:\/\/seineavenue.com\/en\/murano\/\" class=\"uikit-link flex flex-col gap-y-6 no-underline\"><img decoding=\"async\" class=\"text-center object-cover aspect-[9\/10]\" src=\"https:\/\/seineavenue.com\/wp-content\/uploads\/2023\/11\/Seine-Avenue_bateaux-Murano-1.jpg\" alt=\"\"\/><div class=\"flex flex-col gap-y-1\"><h3 class=\"uikit-title text-3xl font-nourishe uppercase text-brand1\">Murano<\/h3><div class=\"uikit-content font-light text-brand1\"><em>A Venetian motoscafo<\/em><\/div><\/div><div class=\"flex\"><div class=\"uikit-button text-brand2 hover:text-brand1 text-sm no-underline uppercase flex items-center justify-center gap-x-2\">Discover this boat<svg width=\"16\" height=\"10\" viewBox=\"0 0 16 10\" fill=\"none\" xmlns=\"http:\/\/www.w3.org\/2000\/svg\"><path d=\"M0.926758 5H13.9268\" stroke=\"#AA3723\"><\/path><path d=\"M9.92676 0.5L14.4268 5L9.92676 9.5\" stroke=\"#AA3723\"><\/path><\/svg><\/div><\/div><\/a><\/div>\n\n\n\n<div class=\"wp-block-create-block-uikit-gutenberg-section-item flex-1 col-span-1\"><a href=\"https:\/\/seineavenue.com\/en\/lugano\/\" class=\"uikit-link flex flex-col gap-y-6 no-underline\"><img decoding=\"async\" class=\"text-center object-cover aspect-[9\/10]\" src=\"https:\/\/seineavenue.com\/wp-content\/uploads\/2023\/11\/Seine-Avenue_bateaux-Lugano.jpg\" alt=\"\"\/><div class=\"flex flex-col gap-y-1\"><h3 class=\"uikit-title text-3xl font-nourishe uppercase text-brand1\">Lugano<\/h3><div class=\"uikit-content font-light text-brand1\"><em>A runabout from the Alpine lakes<\/em><\/div><\/div><div class=\"flex\"><div class=\"uikit-button text-brand2 hover:text-brand1 text-sm no-underline uppercase flex items-center justify-center gap-x-2\">Discover this boat<svg width=\"16\" height=\"10\" viewBox=\"0 0 16 10\" fill=\"none\" xmlns=\"http:\/\/www.w3.org\/2000\/svg\"><path d=\"M0.926758 5H13.9268\" stroke=\"#AA3723\"><\/path><path d=\"M9.92676 0.5L14.4268 5L9.92676 9.5\" stroke=\"#AA3723\"><\/path><\/svg><\/div><\/div><\/a><\/div>\n\n\n\n<div class=\"wp-block-create-block-uikit-gutenberg-section-item flex-1 col-span-1\"><a href=\"https:\/\/seineavenue.com\/en\/faro\/\" class=\"uikit-link flex flex-col gap-y-6 no-underline\"><img decoding=\"async\" class=\"text-center object-cover aspect-[9\/10]\" src=\"https:\/\/seineavenue.com\/wp-content\/uploads\/2023\/11\/Seine-Avenue_Faro-conciergerie-profil_carre.jpg\" alt=\"\"\/><div class=\"flex flex-col gap-y-1\"><h3 class=\"uikit-title text-3xl font-nourishe uppercase text-brand1\">F\u00c5R\u00d6<\/h3><div class=\"uikit-content font-light text-brand1\"><em>A Scandinavian cutter<\/em><\/div><\/div><div class=\"flex\"><div class=\"uikit-button text-brand2 hover:text-brand1 text-sm no-underline uppercase flex items-center justify-center gap-x-2\">Discover this boat<svg width=\"16\" height=\"10\" viewBox=\"0 0 16 10\" fill=\"none\" xmlns=\"http:\/\/www.w3.org\/2000\/svg\"><path d=\"M0.926758 5H13.9268\" stroke=\"#AA3723\"><\/path><path d=\"M9.92676 0.5L14.4268 5L9.92676 9.5\" stroke=\"#AA3723\"><\/path><\/svg><\/div><\/div><\/a><\/div>\n\n\n\n<div class=\"wp-block-create-block-uikit-gutenberg-section-item flex-1 col-span-1\"><a href=\"https:\/\/seineavenue.com\/en\/kairos\/\" class=\"uikit-link flex flex-col gap-y-6 no-underline\"><img decoding=\"async\" class=\"text-center object-cover aspect-[9\/10]\" src=\"https:\/\/seineavenue.com\/wp-content\/uploads\/2023\/11\/Kairos.jpg\" alt=\"\"\/><div class=\"flex flex-col gap-y-1\"><h3 class=\"uikit-title text-3xl font-nourishe uppercase text-brand1\">Ka\u00efros<\/h3><div class=\"uikit-content font-light text-brand1\"><em>A Dutch tender<\/em><\/div><\/div><div class=\"flex\"><div class=\"uikit-button text-brand2 hover:text-brand1 text-sm no-underline uppercase flex items-center justify-center gap-x-2\">Discover this boat<svg width=\"16\" height=\"10\" viewBox=\"0 0 16 10\" fill=\"none\" xmlns=\"http:\/\/www.w3.org\/2000\/svg\"><path d=\"M0.926758 5H13.9268\" stroke=\"#AA3723\"><\/path><path d=\"M9.92676 0.5L14.4268 5L9.92676 9.5\" stroke=\"#AA3723\"><\/path><\/svg><\/div><\/div><\/a><\/div>\n<\/div><\/div><\/div>\n","protected":false},"excerpt":{"rendered":"","protected":false},"author":1,"featured_media":0,"parent":0,"menu_order":0,"comment_status":"closed","ping_status":"closed","template":"archive.php","meta":{"_acf_changed":false,"footnotes":""},"class_list":["post-1677","page","type-page","status-publish","hentry"],"acf":[],"yoast_head":"<!-- This site is optimized with the Yoast SEO plugin v27.3 - https:\/\/yoast.com\/product\/yoast-seo-wordpress\/ -->\n<title>Les actualit\u00e9s de Seine Avenue, balade en bateau sur la Seine<\/title>\n<meta name=\"description\" content=\"Suivez toute notre actualit\u00e9, nos nouveaut\u00e9s, nos \u00e9v\u00e9nements et les infos de la ville Lumi\u00e8re et de son fleuve la Seine\" \/>\n<meta name=\"robots\" content=\"index, follow, max-snippet:-1, max-image-preview:large, max-video-preview:-1\" \/>\n<link rel=\"canonical\" href=\"https:\/\/seineavenue.com\/en\/news\/\" \/>\n<meta property=\"og:locale\" content=\"en_US\" \/>\n<meta property=\"og:type\" content=\"article\" \/>\n<meta property=\"og:title\" content=\"Les actualit\u00e9s de Seine Avenue, balade en bateau sur la Seine\" \/>\n<meta property=\"og:description\" content=\"Suivez toute notre actualit\u00e9, nos nouveaut\u00e9s, nos \u00e9v\u00e9nements et les infos de la ville Lumi\u00e8re et de son fleuve la Seine\" \/>\n<meta property=\"og:url\" content=\"https:\/\/seineavenue.com\/en\/news\/\" \/>\n<meta property=\"og:site_name\" content=\"Seine Avenue\" \/>\n<meta property=\"article:modified_time\" content=\"2024-04-24T14:10:28+00:00\" \/>\n<meta property=\"og:image\" content=\"https:\/\/seineavenue.com\/wp-content\/uploads\/2023\/11\/Seine-Avenue_bateaux-Murano-1.jpg\" \/>\n<meta name=\"twitter:card\" content=\"summary_large_image\" \/>\n<meta name=\"twitter:label1\" content=\"Est. reading time\" \/>\n\t<meta name=\"twitter:data1\" content=\"2 minutes\" \/>\n<script type=\"application\/ld+json\" class=\"yoast-schema-graph\">{\"@context\":\"https:\\\/\\\/schema.org\",\"@graph\":[{\"@type\":\"WebPage\",\"@id\":\"https:\\\/\\\/seineavenue.com\\\/en\\\/news\\\/\",\"url\":\"https:\\\/\\\/seineavenue.com\\\/en\\\/news\\\/\",\"name\":\"Les actualit\u00e9s de Seine Avenue, balade en bateau sur la Seine\",\"isPartOf\":{\"@id\":\"https:\\\/\\\/seineavenue.com\\\/en\\\/#website\"},\"primaryImageOfPage\":{\"@id\":\"https:\\\/\\\/seineavenue.com\\\/en\\\/news\\\/#primaryimage\"},\"image\":{\"@id\":\"https:\\\/\\\/seineavenue.com\\\/en\\\/news\\\/#primaryimage\"},\"thumbnailUrl\":\"https:\\\/\\\/seineavenue.com\\\/wp-content\\\/uploads\\\/2023\\\/11\\\/Seine-Avenue_bateaux-Murano-1.jpg\",\"datePublished\":\"2023-10-11T14:25:18+00:00\",\"dateModified\":\"2024-04-24T14:10:28+00:00\",\"description\":\"Suivez toute notre actualit\u00e9, nos nouveaut\u00e9s, nos \u00e9v\u00e9nements et les infos de la ville Lumi\u00e8re et de son fleuve la Seine\",\"inLanguage\":\"en-US\",\"potentialAction\":[{\"@type\":\"ReadAction\",\"target\":[\"https:\\\/\\\/seineavenue.com\\\/en\\\/news\\\/\"]}]},{\"@type\":\"ImageObject\",\"inLanguage\":\"en-US\",\"@id\":\"https:\\\/\\\/seineavenue.com\\\/en\\\/news\\\/#primaryimage\",\"url\":\"https:\\\/\\\/seineavenue.com\\\/wp-content\\\/uploads\\\/2023\\\/11\\\/Seine-Avenue_bateaux-Murano-1.jpg\",\"contentUrl\":\"https:\\\/\\\/seineavenue.com\\\/wp-content\\\/uploads\\\/2023\\\/11\\\/Seine-Avenue_bateaux-Murano-1.jpg\"},{\"@type\":\"WebSite\",\"@id\":\"https:\\\/\\\/seineavenue.com\\\/en\\\/#website\",\"url\":\"https:\\\/\\\/seineavenue.com\\\/en\\\/\",\"name\":\"Seine Avenue\",\"description\":\"\",\"potentialAction\":[{\"@type\":\"SearchAction\",\"target\":{\"@type\":\"EntryPoint\",\"urlTemplate\":\"https:\\\/\\\/seineavenue.com\\\/en\\\/?s={search_term_string}\"},\"query-input\":{\"@type\":\"PropertyValueSpecification\",\"valueRequired\":true,\"valueName\":\"search_term_string\"}}],\"inLanguage\":\"en-US\"}]}<\/script>\n<!-- \/ Yoast SEO plugin. -->","yoast_head_json":{"title":"Les actualit\u00e9s de Seine Avenue, balade en bateau sur la Seine","description":"Suivez toute notre actualit\u00e9, nos nouveaut\u00e9s, nos \u00e9v\u00e9nements et les infos de la ville Lumi\u00e8re et de son fleuve la Seine","robots":{"index":"index","follow":"follow","max-snippet":"max-snippet:-1","max-image-preview":"max-image-preview:large","max-video-preview":"max-video-preview:-1"},"canonical":"https:\/\/seineavenue.com\/en\/news\/","og_locale":"en_US","og_type":"article","og_title":"Les actualit\u00e9s de Seine Avenue, balade en bateau sur la Seine","og_description":"Suivez toute notre actualit\u00e9, nos nouveaut\u00e9s, nos \u00e9v\u00e9nements et les infos de la ville Lumi\u00e8re et de son fleuve la Seine","og_url":"https:\/\/seineavenue.com\/en\/news\/","og_site_name":"Seine Avenue","article_modified_time":"2024-04-24T14:10:28+00:00","og_image":[{"url":"https:\/\/seineavenue.com\/wp-content\/uploads\/2023\/11\/Seine-Avenue_bateaux-Murano-1.jpg","type":"","width":"","height":""}],"twitter_card":"summary_large_image","twitter_misc":{"Est. reading time":"2 minutes"},"schema":{"@context":"https:\/\/schema.org","@graph":[{"@type":"WebPage","@id":"https:\/\/seineavenue.com\/en\/news\/","url":"https:\/\/seineavenue.com\/en\/news\/","name":"Les actualit\u00e9s de Seine Avenue, balade en bateau sur la Seine","isPartOf":{"@id":"https:\/\/seineavenue.com\/en\/#website"},"primaryImageOfPage":{"@id":"https:\/\/seineavenue.com\/en\/news\/#primaryimage"},"image":{"@id":"https:\/\/seineavenue.com\/en\/news\/#primaryimage"},"thumbnailUrl":"https:\/\/seineavenue.com\/wp-content\/uploads\/2023\/11\/Seine-Avenue_bateaux-Murano-1.jpg","datePublished":"2023-10-11T14:25:18+00:00","dateModified":"2024-04-24T14:10:28+00:00","description":"Suivez toute notre actualit\u00e9, nos nouveaut\u00e9s, nos \u00e9v\u00e9nements et les infos de la ville Lumi\u00e8re et de son fleuve la Seine","inLanguage":"en-US","potentialAction":[{"@type":"ReadAction","target":["https:\/\/seineavenue.com\/en\/news\/"]}]},{"@type":"ImageObject","inLanguage":"en-US","@id":"https:\/\/seineavenue.com\/en\/news\/#primaryimage","url":"https:\/\/seineavenue.com\/wp-content\/uploads\/2023\/11\/Seine-Avenue_bateaux-Murano-1.jpg","contentUrl":"https:\/\/seineavenue.com\/wp-content\/uploads\/2023\/11\/Seine-Avenue_bateaux-Murano-1.jpg"},{"@type":"WebSite","@id":"https:\/\/seineavenue.com\/en\/#website","url":"https:\/\/seineavenue.com\/en\/","name":"Seine Avenue","description":"","potentialAction":[{"@type":"SearchAction","target":{"@type":"EntryPoint","urlTemplate":"https:\/\/seineavenue.com\/en\/?s={search_term_string}"},"query-input":{"@type":"PropertyValueSpecification","valueRequired":true,"valueName":"search_term_string"}}],"inLanguage":"en-US"}]}},"_links":{"self":[{"href":"https:\/\/seineavenue.com\/en\/wp-json\/wp\/v2\/pages\/1677","targetHints":{"allow":["GET"]}}],"collection":[{"href":"https:\/\/seineavenue.com\/en\/wp-json\/wp\/v2\/pages"}],"about":[{"href":"https:\/\/seineavenue.com\/en\/wp-json\/wp\/v2\/types\/page"}],"author":[{"embeddable":true,"href":"https:\/\/seineavenue.com\/en\/wp-json\/wp\/v2\/users\/1"}],"replies":[{"embeddable":true,"href":"https:\/\/seineavenue.com\/en\/wp-json\/wp\/v2\/comments?post=1677"}],"version-history":[{"count":1,"href":"https:\/\/seineavenue.com\/en\/wp-json\/wp\/v2\/pages\/1677\/revisions"}],"predecessor-version":[{"id":2625,"href":"https:\/\/seineavenue.com\/en\/wp-json\/wp\/v2\/pages\/1677\/revisions\/2625"}],"wp:attachment":[{"href":"https:\/\/seineavenue.com\/en\/wp-json\/wp\/v2\/media?parent=1677"}],"curies":[{"name":"wp","href":"https:\/\/api.w.org\/{rel}","templated":true}]}}