{"id":1674,"date":"2023-11-03T15:12:24","date_gmt":"2023-11-03T14:12:24","guid":{"rendered":"https:\/\/seineavenue.com\/?page_id=1674"},"modified":"2023-12-19T14:56:07","modified_gmt":"2023-12-19T13:56:07","slug":"legal-information","status":"publish","type":"page","link":"https:\/\/seineavenue.com\/en\/legal-information\/","title":{"rendered":"Legal information"},"content":{"rendered":"\n<div class=\"wp-block-create-block-uikit-gutenberg-push\"><div id=\"\" class=\"grid grid-cols-6 lg:grid-cols-12 gap-y-8 gap-x-6 px-6 pt-16 pb-16\" style=\"background-color:#f1f1f1\"><div class=\"col-span-full lg:col-start-2 lg:col-end-12 flex flex-col gap-y-6 \"><h1 class=\"uikit-title h1 text-brand1 text-left\">legal information<\/h1><\/div><\/div><\/div>\n\n\n\n<div class=\"wp-block-create-block-uikit-gutenberg-wysiwyg\"><div id=\"\" class=\"container grid grid-cols-6 lg:grid-cols-12 py-8\"><div class=\"wysiwyg col-span-full  flex flex-col lg:col-start-3 lg:col-end-11\">\n<p>Le site internet &#8220;seineavenue.com&#8221; est \u00e9dit\u00e9 par <strong>Seine Avenue<\/strong>, S.A.R.L. au capital de 10 000 \u20ac enregistr\u00e9e au RCS de Bobigny sous le num\u00e9ro 530 562 859.<br><strong>Seine Avenue<\/strong> S.A.R.L. propose des promenades priv\u00e9es sur la Seine \u00e0 Paris sur des petits bateaux dans l\u2019esprit des Riva et des ChrisCraft des ann\u00e9es 30 et 60.<\/p>\n\n\n\n<h2 class=\"wp-block-heading\">AVERTISSEMENT<\/h2>\n\n\n\n<p><strong>Seine Avenue<\/strong> S.A.R.L. consent \u00e0 l\u2019&#8217;utilisateur le droit de consultation de ce site pour son usage personnel et priv\u00e9.<br>Toute reproduction, rediffusion ou utilisation du contenu doit faire l&#8217;objet d&#8217;une demande pr\u00e9alable aupr\u00e8s de <strong>Seine Avenue<\/strong> S.A.R.L.<\/p>\n\n\n\n<h2 class=\"wp-block-heading\">DONN\u00c9ES PERSONNELLES<\/h2>\n\n\n\n<p>Nous nous engageons \u00e0 ce que les informations et donn\u00e9es personnelles que vous seriez amen\u00e9s \u00e0 nous communiquer, dans le cadre d&#8217;une r\u00e9servation par exemple, ne soient jamais communiqu\u00e9es \u00e0 des tiers.<\/p>\n<\/div><\/div><\/div>\n","protected":false},"excerpt":{"rendered":"","protected":false},"author":2,"featured_media":0,"parent":0,"menu_order":0,"comment_status":"closed","ping_status":"closed","template":"","meta":{"_acf_changed":false,"footnotes":""},"class_list":["post-1674","page","type-page","status-publish","hentry"],"acf":[],"yoast_head":"<!-- This site is optimized with the Yoast SEO plugin v27.3 - https:\/\/yoast.com\/product\/yoast-seo-wordpress\/ -->\n<title>Legal information - Seine Avenue<\/title>\n<meta name=\"robots\" content=\"index, follow, max-snippet:-1, max-image-preview:large, max-video-preview:-1\" \/>\n<link rel=\"canonical\" href=\"https:\/\/seineavenue.com\/en\/legal-information\/\" \/>\n<meta property=\"og:locale\" content=\"en_US\" \/>\n<meta property=\"og:type\" content=\"article\" \/>\n<meta property=\"og:title\" content=\"Legal information - Seine Avenue\" \/>\n<meta property=\"og:url\" content=\"https:\/\/seineavenue.com\/en\/legal-information\/\" \/>\n<meta property=\"og:site_name\" content=\"Seine Avenue\" \/>\n<meta property=\"article:modified_time\" content=\"2023-12-19T13:56:07+00:00\" \/>\n<meta name=\"twitter:card\" content=\"summary_large_image\" \/>\n<meta name=\"twitter:label1\" content=\"Est. reading time\" \/>\n\t<meta name=\"twitter:data1\" content=\"1 minute\" \/>\n<script type=\"application\/ld+json\" class=\"yoast-schema-graph\">{\"@context\":\"https:\\\/\\\/schema.org\",\"@graph\":[{\"@type\":\"WebPage\",\"@id\":\"https:\\\/\\\/seineavenue.com\\\/en\\\/legal-information\\\/\",\"url\":\"https:\\\/\\\/seineavenue.com\\\/en\\\/legal-information\\\/\",\"name\":\"Legal information - Seine Avenue\",\"isPartOf\":{\"@id\":\"https:\\\/\\\/seineavenue.com\\\/en\\\/#website\"},\"datePublished\":\"2023-11-03T14:12:24+00:00\",\"dateModified\":\"2023-12-19T13:56:07+00:00\",\"inLanguage\":\"en-US\",\"potentialAction\":[{\"@type\":\"ReadAction\",\"target\":[\"https:\\\/\\\/seineavenue.com\\\/en\\\/legal-information\\\/\"]}]},{\"@type\":\"WebSite\",\"@id\":\"https:\\\/\\\/seineavenue.com\\\/en\\\/#website\",\"url\":\"https:\\\/\\\/seineavenue.com\\\/en\\\/\",\"name\":\"Seine Avenue\",\"description\":\"\",\"potentialAction\":[{\"@type\":\"SearchAction\",\"target\":{\"@type\":\"EntryPoint\",\"urlTemplate\":\"https:\\\/\\\/seineavenue.com\\\/en\\\/?s={search_term_string}\"},\"query-input\":{\"@type\":\"PropertyValueSpecification\",\"valueRequired\":true,\"valueName\":\"search_term_string\"}}],\"inLanguage\":\"en-US\"}]}<\/script>\n<!-- \/ Yoast SEO plugin. -->","yoast_head_json":{"title":"Legal information - Seine Avenue","robots":{"index":"index","follow":"follow","max-snippet":"max-snippet:-1","max-image-preview":"max-image-preview:large","max-video-preview":"max-video-preview:-1"},"canonical":"https:\/\/seineavenue.com\/en\/legal-information\/","og_locale":"en_US","og_type":"article","og_title":"Legal information - Seine Avenue","og_url":"https:\/\/seineavenue.com\/en\/legal-information\/","og_site_name":"Seine Avenue","article_modified_time":"2023-12-19T13:56:07+00:00","twitter_card":"summary_large_image","twitter_misc":{"Est. reading time":"1 minute"},"schema":{"@context":"https:\/\/schema.org","@graph":[{"@type":"WebPage","@id":"https:\/\/seineavenue.com\/en\/legal-information\/","url":"https:\/\/seineavenue.com\/en\/legal-information\/","name":"Legal information - Seine Avenue","isPartOf":{"@id":"https:\/\/seineavenue.com\/en\/#website"},"datePublished":"2023-11-03T14:12:24+00:00","dateModified":"2023-12-19T13:56:07+00:00","inLanguage":"en-US","potentialAction":[{"@type":"ReadAction","target":["https:\/\/seineavenue.com\/en\/legal-information\/"]}]},{"@type":"WebSite","@id":"https:\/\/seineavenue.com\/en\/#website","url":"https:\/\/seineavenue.com\/en\/","name":"Seine Avenue","description":"","potentialAction":[{"@type":"SearchAction","target":{"@type":"EntryPoint","urlTemplate":"https:\/\/seineavenue.com\/en\/?s={search_term_string}"},"query-input":{"@type":"PropertyValueSpecification","valueRequired":true,"valueName":"search_term_string"}}],"inLanguage":"en-US"}]}},"_links":{"self":[{"href":"https:\/\/seineavenue.com\/en\/wp-json\/wp\/v2\/pages\/1674","targetHints":{"allow":["GET"]}}],"collection":[{"href":"https:\/\/seineavenue.com\/en\/wp-json\/wp\/v2\/pages"}],"about":[{"href":"https:\/\/seineavenue.com\/en\/wp-json\/wp\/v2\/types\/page"}],"author":[{"embeddable":true,"href":"https:\/\/seineavenue.com\/en\/wp-json\/wp\/v2\/users\/2"}],"replies":[{"embeddable":true,"href":"https:\/\/seineavenue.com\/en\/wp-json\/wp\/v2\/comments?post=1674"}],"version-history":[{"count":3,"href":"https:\/\/seineavenue.com\/en\/wp-json\/wp\/v2\/pages\/1674\/revisions"}],"predecessor-version":[{"id":1755,"href":"https:\/\/seineavenue.com\/en\/wp-json\/wp\/v2\/pages\/1674\/revisions\/1755"}],"wp:attachment":[{"href":"https:\/\/seineavenue.com\/en\/wp-json\/wp\/v2\/media?parent=1674"}],"curies":[{"name":"wp","href":"https:\/\/api.w.org\/{rel}","templated":true}]}}