{"id":1673,"date":"2023-11-07T10:18:01","date_gmt":"2023-11-07T09:18:01","guid":{"rendered":"https:\/\/seineavenue.com\/?page_id=1673"},"modified":"2024-04-01T17:31:12","modified_gmt":"2024-04-01T15:31:12","slug":"marina","status":"publish","type":"page","link":"https:\/\/seineavenue.com\/en\/marina\/","title":{"rendered":"Marina"},"content":{"rendered":"\n<div class=\"wp-block-create-block-uikit-gutenberg-push\"><div id=\"\" class=\"grid grid-cols-6 lg:grid-cols-12 gap-y-8 gap-x-6 px-6 pt-16 pb-16\" style=\"background-color:#32374B\"><div class=\"col-span-full lg:col-start-2 lg:col-end-12 flex flex-col gap-y-6 \"><h1 class=\"uikit-title h1 text-white text-left\">A UNIQUE MARINA<\/h1><div class=\"uikit-content font-light text-lg text-white leading-[1.9rem]\">A new location in Paris, where you can have a rich and diverse experience on the Seine<\/div><\/div><\/div><\/div>\n\n\n\n<div class=\"wp-block-create-block-uikit-gutenberg-seo\"><div id=\"\" class=\"container grid grid-cols-6 lg:grid-cols-12 gap-y-6 lg:gap-y-8 gap-x-6 pt-16 pb-16\"><div class=\"col-span-full lg:col-start-2 lg:col-end-5\"><h2 class=\"uikit-title h2 text-left lg:pb-11\"><s>QUAI<\/s> <s>DE LA PHOTO<\/s><\/h2><\/div><div class=\"col-span-full lg:col-start-6 lg:col-end-12 flex flex-col gap-y-8\"><div class=\"uikit-content text-lg leading-[1.9rem] font-light text-brand1\">Quai de la Photo is a barge that is open both towards the quay and towards the river, with a large terrace on the banks. It is both an art center, dedicated to photography, a welcoming restaurant, and a marina for our boats. With some industrial accents, its architecture blends in particularly well with the surroundings, close to the Josephine Baker swimming pool and the neighboring barges.<\/div><\/div><\/div><\/div>\n\n\n\n<div class=\"wp-block-create-block-uikit-gutenberg-photos\"><div id=\"\" class=\"container grid grid-cols-6 lg:grid-cols-12 pt-16 pb-16\"><div class=\"col-span-full relative lg:col-start-3 lg:col-end-11\"><div class=\"swiper swiper-photos\"><div class=\"swiper-wrapper\"><div class=\"swiper-slide\"><img decoding=\"async\" src=\"https:\/\/seineavenue.com\/wp-content\/uploads\/2023\/11\/QDLP_pont-marina-canal\u00a9MarionBriffod.jpg\" alt=\"\" class=\"w-full object-cover aspect-video\"\/><\/div><div class=\"swiper-slide\"><img decoding=\"async\" src=\"https:\/\/seineavenue.com\/wp-content\/uploads\/2023\/11\/QDLP_pont-principal-Seine@MarionBriffod.jpg\" alt=\"\" class=\"w-full object-cover aspect-video\"\/><\/div><div class=\"swiper-slide\"><img decoding=\"async\" src=\"https:\/\/seineavenue.com\/wp-content\/uploads\/2023\/11\/QDLP_pont-principal-bar@MarionBriffod.jpg\" alt=\"\" class=\"w-full object-cover aspect-video\"\/><\/div><div class=\"swiper-slide\"><img decoding=\"async\" src=\"https:\/\/seineavenue.com\/wp-content\/uploads\/2023\/11\/QDLP_canal-marina\u00a9MarionBriffod.jpg\" alt=\"\" class=\"w-full object-cover aspect-video\"\/><\/div><div class=\"swiper-slide\"><img decoding=\"async\" src=\"https:\/\/seineavenue.com\/wp-content\/uploads\/2023\/11\/QDLP_canal-marina-pont\u00a9MarionBriffod.jpg\" alt=\"\" class=\"w-full object-cover aspect-video\"\/><\/div><\/div><\/div><div class=\"swiper-nav swiper-next -right-6 top-1\/2\"><svg width=\"24\" height=\"25\" viewBox=\"0 0 24 25\" fill=\"none\" xmlns=\"http:\/\/www.w3.org\/2000\/svg\"><path d=\"M14.43 19.2449C14.24 19.2449 14.05 19.1749 13.9 19.0249C13.61 18.7349 13.61 18.2549 13.9 17.9649L19.44 12.4249L13.9 6.88492C13.61 6.59492 13.61 6.11492 13.9 5.82492C14.19 5.53492 14.67 5.53492 14.96 5.82492L21.03 11.8949C21.32 12.1849 21.32 12.6649 21.03 12.9549L14.96 19.0249C14.81 19.1749 14.62 19.2449 14.43 19.2449Z\" fill=\"#262626\"><\/path><path d=\"M20.33 13.1748H3.5C3.09 13.1748 2.75 12.8348 2.75 12.4248C2.75 12.0148 3.09 11.6748 3.5 11.6748H20.33C20.74 11.6748 21.08 12.0148 21.08 12.4248C21.08 12.8348 20.74 13.1748 20.33 13.1748Z\" fill=\"#262626\"><\/path><\/svg><\/div><div class=\"swiper-nav swiper-prev -left-6 top-1\/2\"><svg xmlns=\"http:\/\/www.w3.org\/2000\/svg\" width=\"24\" height=\"24\" viewBox=\"0 0 24 24\" fill=\"none\"><path d=\"M9.56988 5.18001C9.75988 5.18001 9.94988 5.25 10.0999 5.4C10.3899 5.69 10.3899 6.17 10.0999 6.46L4.55988 12L10.0999 17.54C10.3899 17.83 10.3899 18.31 10.0999 18.6C9.80988 18.89 9.32988 18.89 9.03988 18.6L2.96988 12.53C2.67988 12.24 2.67988 11.76 2.96988 11.47L9.03988 5.4C9.18988 5.25 9.37988 5.18001 9.56988 5.18001Z\" fill=\"#32374B\"><\/path><path d=\"M3.67 11.25L20.5 11.25C20.91 11.25 21.25 11.59 21.25 12C21.25 12.41 20.91 12.75 20.5 12.75L3.67 12.75C3.26 12.75 2.92 12.41 2.92 12C2.92 11.59 3.26 11.25 3.67 11.25Z\" fill=\"#32374B\"><\/path><\/svg><\/div><div class=\"swiper-pagination\"><\/div><\/div><\/div><\/div>\n\n\n\n<div class=\"wp-block-create-block-uikit-gutenberg-quinconce\"><div id=\"\" class=\"grid grid-cols-6 lg:grid-cols-12 gap-y-8 pt-16 \"><div class=\"col-span-full lg:col-span-6\"><img decoding=\"async\" class=\"w-full h-full object-cover\" src=\"https:\/\/seineavenue.com\/wp-content\/uploads\/2023\/11\/QDLP_terrasse@NoemieRoques.jpg\" alt=\"\"\/><\/div><div class=\"col-span-full lg:col-span-6 grid grid-cols-6 gap-x-6 px-6 lg:px-0\"><div class=\"col-span-full lg:col-start-2 lg:col-end-6 flex flex-col justify-center gap-y-6\"><h3><span class=\"uikit-title h3 text-left\">an unusual boat shed<\/span><\/h3><div class=\"uikit-content font-light text-left text-brand1 text-lg leading-[1.9rem]\">On the quay, two containers were converted as outside bars, framing a nice terrace providing some shade where you will find exhibits of young contemporary photographers.<br><br>On the river, the barge is conceived as a boat shed, with three different deckspaces and an indoor canal going through it. The upper deck houses the restaurant and bookstore while the lower deck is the main exhibition space. Linking them, the middle deck is open to the canal and gives access to the boats.<\/div><div class=\"flex gap-4 justify-start\"><\/div><\/div><\/div><\/div><\/div>\n\n\n\n<div class=\"wp-block-create-block-uikit-gutenberg-quinconce\"><div id=\"\" class=\"grid grid-cols-6 lg:grid-cols-12 gap-y-8  pb-16\"><div class=\"col-span-full lg:col-span-6 grid grid-cols-6 gap-x-6 px-6 lg:px-0\"><div class=\"col-span-full lg:col-start-2 lg:col-end-6 flex flex-col justify-center gap-y-6\"><h3><span class=\"uikit-title h3 text-left\">the seine as an atmosphere<\/span><\/h3><div class=\"uikit-content font-light text-left text-brand1 text-lg leading-[1.9rem]\">With its indoor canal, Quai de la Photo is an original and unique home base, both in Paris and in France. The presence of the boats inside the building participate in the creation of the singular ambiance of Quai de la Photo.<br><br>Built in Dieppe (Normandy) and conveyed to Paris on the Seine, this cultural and celebratory location is in a strong relationship with the river, as you can also use it as a door to escape on a cruise.<\/div><div class=\"flex gap-4 justify-start\"><\/div><\/div><\/div><div class=\"col-span-full lg:col-span-6\"><img decoding=\"async\" class=\"w-full h-full object-cover\" src=\"https:\/\/seineavenue.com\/wp-content\/uploads\/2023\/11\/QDLP_marina-canal@ClementDorval.jpg\" alt=\"\"\/><\/div><\/div><\/div>\n\n\n\n<div class=\"wp-block-create-block-uikit-gutenberg-wysiwyg\"><div id=\"\" class=\"container grid grid-cols-6 lg:grid-cols-12 py-8\"><div class=\"wysiwyg col-span-full  flex flex-col \">\n<h2 class=\"wp-block-heading\"><s>IMMEDIATE<\/s> BOARDING<\/h2>\n\n\n\n<p>As a new place to board for a cruise in Paris, a departure from Quai de la Photo offers a route slightly extended beyond the historical center. You will be able to discover an area that of the city that was more recently planned, with banks that were completely overhauled. As such, you can embark on a cruise from the young and dynamic National Library neighborhood, and then enjoy our various boats Murano, Lugano, F\u00e5r\u00f6 and Ka\u00efros.<\/p>\n<\/div><\/div><\/div>\n\n\n\n<div class=\"wp-block-create-block-uikit-gutenberg-quinconce\"><div id=\"\" class=\"grid grid-cols-6 lg:grid-cols-12 gap-y-8 pt-16 \"><div class=\"col-span-full lg:col-span-6\"><img decoding=\"async\" class=\"w-full h-full object-cover\" src=\"https:\/\/seineavenue.com\/wp-content\/uploads\/2023\/11\/Paris_BNF-Kairos.jpg\" alt=\"\"\/><\/div><div class=\"col-span-full lg:col-span-6 grid grid-cols-6 gap-x-6 px-6 lg:px-0\"><div class=\"col-span-full lg:col-start-2 lg:col-end-6 flex flex-col justify-center gap-y-6\"><h3><span class=\"uikit-title h3 text-left\">A contemporary Paris<\/span><\/h3><div class=\"uikit-content font-light text-left text-brand1 text-lg leading-[1.9rem]\">The singular architectures of the Arab World Institute, French National Library or City of Fashion and Design will show you the contemporary face of Paris. A metropolis filled with history that also knows how to reinvent itself.<\/div><div class=\"flex gap-4 justify-start\"><\/div><\/div><\/div><\/div><\/div>\n\n\n\n<div class=\"wp-block-create-block-uikit-gutenberg-quinconce\"><div id=\"\" class=\"grid grid-cols-6 lg:grid-cols-12 gap-y-8  pb-16\"><div class=\"col-span-full lg:col-span-6 grid grid-cols-6 gap-x-6 px-6 lg:px-0\"><div class=\"col-span-full lg:col-start-2 lg:col-end-6 flex flex-col justify-center gap-y-6\"><h3><span class=\"uikit-title h3 text-left\">z\u00e9ro de conduite<\/span><\/h3><div class=\"uikit-content font-light text-left text-brand1 text-lg leading-[1.9rem]\">The arrival of this electric catamaran with a sheltered deck and platform acting as a balcony on the river, you can now depart for a shared cruise around the Saint-Louis and City islands.<br><br>This boat is also open to private bookings during larger events, especially those in relation to Quai de la Photo.<\/div><div class=\"flex gap-4 justify-start\"><a href=\"https:\/\/quaidelaphoto.fr\/en\/naviguer\/les-croisieres\/\" class=\"uikit-button1 btn btn-navy no-underline\">learn more about the shared cruises<\/a><\/div><\/div><\/div><div class=\"col-span-full lg:col-span-6\"><img decoding=\"async\" class=\"w-full h-full object-cover\" src=\"https:\/\/seineavenue.com\/wp-content\/uploads\/2023\/11\/Seine-Avenue_Zero-de-Conduite-Bercy.jpg\" alt=\"\"\/><\/div><\/div><\/div>\n\n\n\n<div class=\"wp-block-create-block-uikit-gutenberg-wysiwyg\"><div id=\"bien-plus\" class=\"container grid grid-cols-6 lg:grid-cols-12 py-8\"><div class=\"wysiwyg col-span-full  flex flex-col \">\n<h2 class=\"wp-block-heading\"><s>much more<\/s> than a quay<\/h2>\n\n\n\n<p>If, as the name suggests, it is a place where the river is within reach, Quai de la Photo also shelters an original cultural world centered around photography, navigation and food. The independent bookstore specialized in photo <a href=\"https:\/\/lacomete.picto.fr\/\">La Com\u00e8te<\/a> joined Quai de la Photo since its opening and offers a comprehensive selection of works, but also organizes events, signings, or presentations open to the public.<\/p>\n<\/div><\/div><\/div>\n\n\n\n<div class=\"wp-block-create-block-uikit-gutenberg-quinconce\"><div id=\"\" class=\"grid grid-cols-6 lg:grid-cols-12 gap-y-8 pt-16 \"><div class=\"col-span-full lg:col-span-6\"><img decoding=\"async\" class=\"w-full h-full object-cover\" src=\"https:\/\/seineavenue.com\/wp-content\/uploads\/2023\/11\/QDLP_resto-nuit\u00a9MarionBriffod.jpg\" alt=\"\"\/><\/div><div class=\"col-span-full lg:col-span-6 grid grid-cols-6 gap-x-6 px-6 lg:px-0\"><div class=\"col-span-full lg:col-start-2 lg:col-end-6 flex flex-col justify-center gap-y-6\"><h3><span class=\"uikit-title h3 text-left\">Have something to eat<\/span><\/h3><div class=\"uikit-content font-light text-left text-brand1 text-lg leading-[1.9rem]\">You can have a drink or enjoy a tempting menu in a warm and cheerful surroundings, either before or after a cruise on the river. The terrace, bars and restaurant can host business lunches or romantic dinners, or even large tables of friends, accompanied by a visit of the exhibition.<\/div><div class=\"flex gap-4 justify-start\"><\/div><\/div><\/div><\/div><\/div>\n\n\n\n<div class=\"wp-block-create-block-uikit-gutenberg-quinconce\"><div id=\"\" class=\"grid grid-cols-6 lg:grid-cols-12 gap-y-8  pb-16\"><div class=\"col-span-full lg:col-span-6 grid grid-cols-6 gap-x-6 px-6 lg:px-0\"><div class=\"col-span-full lg:col-start-2 lg:col-end-6 flex flex-col justify-center gap-y-6\"><h3><span class=\"uikit-title h3 text-left\">culture<\/span><\/h3><div class=\"uikit-content font-light text-left text-brand1 text-lg leading-[1.9rem]\">This place is also by essence an art center dedicated to contemporary photography, where you can discover artistic news and today&#8217;s singular looks. Several exhibitions each year showcase both big names and emerging artists, along with a dedicated program.<\/div><div class=\"flex gap-4 justify-start\"><\/div><\/div><\/div><div class=\"col-span-full lg:col-span-6\"><img decoding=\"async\" class=\"w-full h-full object-cover\" src=\"https:\/\/seineavenue.com\/wp-content\/uploads\/2023\/11\/QDLP_espace-expo@ClementDorval.jpg\" alt=\"\"\/><\/div><\/div><\/div>\n\n\n\n<div class=\"wp-block-create-block-uikit-gutenberg-reassurance\"><div id=\"\" class=\"grid lg:grid-cols-3 gap-x-[0.5px] text-white  \" style=\"background-color:#32374B\">\n<div class=\"wp-block-create-block-uikit-gutenberg-reassurance-item col-span-1 px-16 py-36 hover:bg-brand2 text-white\"><div class=\"flex flex-col gap-y-4 items-center\"><div class=\"flex flex-col gap-y-1\"><h3 class=\"uikit-title h3 text-center text-white pb-6\">A thorough and accessible programming<\/h3><p class=\"uikit-content font-light text-center\">cutting-edge on photographic news<\/p><\/div><\/div><\/div>\n\n\n\n<div class=\"wp-block-create-block-uikit-gutenberg-reassurance-item col-span-1 px-16 py-36 hover:bg-brand2 text-white\"><div class=\"flex flex-col gap-y-4 items-center\"><div class=\"flex flex-col gap-y-1\"><h3 class=\"uikit-title h3 text-center text-white pb-6\">A cheerful place where you can eat and drink<\/h3><p class=\"uikit-content font-light text-center\">don&#8217;t miss the chef&#8217;s seasonal menu<\/p><\/div><\/div><\/div>\n\n\n\n<div class=\"wp-block-create-block-uikit-gutenberg-reassurance-item col-span-1 px-16 py-36 hover:bg-brand2 text-white\"><div class=\"flex flex-col gap-y-4 items-center\"><div class=\"flex flex-col gap-y-1\"><h3 class=\"uikit-title h3 text-center text-white pb-6\">Either private or shared cruises<\/h3><p class=\"uikit-content font-light text-center\">or: what about a change of scenery<\/p><\/div><\/div><\/div>\n<\/div><\/div>\n\n\n\n<div class=\"wp-block-create-block-uikit-gutenberg-seo\"><div id=\"\" class=\"container grid grid-cols-6 lg:grid-cols-12 gap-y-6 lg:gap-y-8 gap-x-6 pt-16 pb-16\"><div class=\"col-span-full lg:col-start-2 lg:col-end-5\"><h2 class=\"uikit-title h2 text-left lg:pb-11\"><s>QUAI DE LA PHOTO<\/s><\/h2><\/div><div class=\"col-span-full lg:col-start-6 lg:col-end-12 flex flex-col gap-y-8\"><div class=\"uikit-content text-lg leading-[1.9rem] font-light text-brand1\">The team will welcome you at 9, Quai de la Gare, Paris 13th.<br>To learn more about this hybrid place, its programming or opening hours, or even to book, let&#8217;s meet on its website.<\/div><a href=\"https:\/\/quaidelaphoto.fr\/\" class=\"uikit-button btn btn-navy no-underline max-w-fit\">discover Quai de la Photo<\/a><\/div><\/div><\/div>\n","protected":false},"excerpt":{"rendered":"","protected":false},"author":2,"featured_media":0,"parent":0,"menu_order":0,"comment_status":"closed","ping_status":"closed","template":"","meta":{"_acf_changed":false,"footnotes":""},"class_list":["post-1673","page","type-page","status-publish","hentry"],"acf":[],"yoast_head":"<!-- This site is optimized with the Yoast SEO plugin v27.3 - https:\/\/yoast.com\/product\/yoast-seo-wordpress\/ -->\n<title>Marina - Seine Avenue<\/title>\n<meta name=\"robots\" content=\"index, follow, max-snippet:-1, max-image-preview:large, max-video-preview:-1\" \/>\n<link rel=\"canonical\" href=\"https:\/\/seineavenue.com\/en\/marina\/\" \/>\n<meta property=\"og:locale\" content=\"en_US\" \/>\n<meta property=\"og:type\" content=\"article\" \/>\n<meta property=\"og:title\" content=\"Marina - Seine Avenue\" \/>\n<meta property=\"og:url\" content=\"https:\/\/seineavenue.com\/en\/marina\/\" \/>\n<meta property=\"og:site_name\" content=\"Seine Avenue\" \/>\n<meta property=\"article:modified_time\" content=\"2024-04-01T15:31:12+00:00\" \/>\n<meta property=\"og:image\" content=\"https:\/\/seineavenue.com\/wp-content\/uploads\/2023\/11\/QDLP_pont-principal-Seine@MarionBriffod.jpg\" \/>\n<meta name=\"twitter:card\" content=\"summary_large_image\" \/>\n<meta name=\"twitter:label1\" content=\"Est. reading time\" \/>\n\t<meta name=\"twitter:data1\" content=\"6 minutes\" \/>\n<script type=\"application\/ld+json\" class=\"yoast-schema-graph\">{\"@context\":\"https:\\\/\\\/schema.org\",\"@graph\":[{\"@type\":\"WebPage\",\"@id\":\"https:\\\/\\\/seineavenue.com\\\/en\\\/marina\\\/\",\"url\":\"https:\\\/\\\/seineavenue.com\\\/en\\\/marina\\\/\",\"name\":\"Marina - Seine Avenue\",\"isPartOf\":{\"@id\":\"https:\\\/\\\/seineavenue.com\\\/en\\\/#website\"},\"primaryImageOfPage\":{\"@id\":\"https:\\\/\\\/seineavenue.com\\\/en\\\/marina\\\/#primaryimage\"},\"image\":{\"@id\":\"https:\\\/\\\/seineavenue.com\\\/en\\\/marina\\\/#primaryimage\"},\"thumbnailUrl\":\"https:\\\/\\\/seineavenue.com\\\/wp-content\\\/uploads\\\/2023\\\/11\\\/QDLP_pont-principal-Seine@MarionBriffod.jpg\",\"datePublished\":\"2023-11-07T09:18:01+00:00\",\"dateModified\":\"2024-04-01T15:31:12+00:00\",\"inLanguage\":\"en-US\",\"potentialAction\":[{\"@type\":\"ReadAction\",\"target\":[\"https:\\\/\\\/seineavenue.com\\\/en\\\/marina\\\/\"]}]},{\"@type\":\"ImageObject\",\"inLanguage\":\"en-US\",\"@id\":\"https:\\\/\\\/seineavenue.com\\\/en\\\/marina\\\/#primaryimage\",\"url\":\"https:\\\/\\\/seineavenue.com\\\/wp-content\\\/uploads\\\/2023\\\/11\\\/QDLP_pont-principal-Seine@MarionBriffod.jpg\",\"contentUrl\":\"https:\\\/\\\/seineavenue.com\\\/wp-content\\\/uploads\\\/2023\\\/11\\\/QDLP_pont-principal-Seine@MarionBriffod.jpg\"},{\"@type\":\"WebSite\",\"@id\":\"https:\\\/\\\/seineavenue.com\\\/en\\\/#website\",\"url\":\"https:\\\/\\\/seineavenue.com\\\/en\\\/\",\"name\":\"Seine Avenue\",\"description\":\"\",\"potentialAction\":[{\"@type\":\"SearchAction\",\"target\":{\"@type\":\"EntryPoint\",\"urlTemplate\":\"https:\\\/\\\/seineavenue.com\\\/en\\\/?s={search_term_string}\"},\"query-input\":{\"@type\":\"PropertyValueSpecification\",\"valueRequired\":true,\"valueName\":\"search_term_string\"}}],\"inLanguage\":\"en-US\"}]}<\/script>\n<!-- \/ Yoast SEO plugin. -->","yoast_head_json":{"title":"Marina - Seine Avenue","robots":{"index":"index","follow":"follow","max-snippet":"max-snippet:-1","max-image-preview":"max-image-preview:large","max-video-preview":"max-video-preview:-1"},"canonical":"https:\/\/seineavenue.com\/en\/marina\/","og_locale":"en_US","og_type":"article","og_title":"Marina - Seine Avenue","og_url":"https:\/\/seineavenue.com\/en\/marina\/","og_site_name":"Seine Avenue","article_modified_time":"2024-04-01T15:31:12+00:00","og_image":[{"url":"https:\/\/seineavenue.com\/wp-content\/uploads\/2023\/11\/QDLP_pont-principal-Seine@MarionBriffod.jpg","type":"","width":"","height":""}],"twitter_card":"summary_large_image","twitter_misc":{"Est. reading time":"6 minutes"},"schema":{"@context":"https:\/\/schema.org","@graph":[{"@type":"WebPage","@id":"https:\/\/seineavenue.com\/en\/marina\/","url":"https:\/\/seineavenue.com\/en\/marina\/","name":"Marina - Seine Avenue","isPartOf":{"@id":"https:\/\/seineavenue.com\/en\/#website"},"primaryImageOfPage":{"@id":"https:\/\/seineavenue.com\/en\/marina\/#primaryimage"},"image":{"@id":"https:\/\/seineavenue.com\/en\/marina\/#primaryimage"},"thumbnailUrl":"https:\/\/seineavenue.com\/wp-content\/uploads\/2023\/11\/QDLP_pont-principal-Seine@MarionBriffod.jpg","datePublished":"2023-11-07T09:18:01+00:00","dateModified":"2024-04-01T15:31:12+00:00","inLanguage":"en-US","potentialAction":[{"@type":"ReadAction","target":["https:\/\/seineavenue.com\/en\/marina\/"]}]},{"@type":"ImageObject","inLanguage":"en-US","@id":"https:\/\/seineavenue.com\/en\/marina\/#primaryimage","url":"https:\/\/seineavenue.com\/wp-content\/uploads\/2023\/11\/QDLP_pont-principal-Seine@MarionBriffod.jpg","contentUrl":"https:\/\/seineavenue.com\/wp-content\/uploads\/2023\/11\/QDLP_pont-principal-Seine@MarionBriffod.jpg"},{"@type":"WebSite","@id":"https:\/\/seineavenue.com\/en\/#website","url":"https:\/\/seineavenue.com\/en\/","name":"Seine Avenue","description":"","potentialAction":[{"@type":"SearchAction","target":{"@type":"EntryPoint","urlTemplate":"https:\/\/seineavenue.com\/en\/?s={search_term_string}"},"query-input":{"@type":"PropertyValueSpecification","valueRequired":true,"valueName":"search_term_string"}}],"inLanguage":"en-US"}]}},"_links":{"self":[{"href":"https:\/\/seineavenue.com\/en\/wp-json\/wp\/v2\/pages\/1673","targetHints":{"allow":["GET"]}}],"collection":[{"href":"https:\/\/seineavenue.com\/en\/wp-json\/wp\/v2\/pages"}],"about":[{"href":"https:\/\/seineavenue.com\/en\/wp-json\/wp\/v2\/types\/page"}],"author":[{"embeddable":true,"href":"https:\/\/seineavenue.com\/en\/wp-json\/wp\/v2\/users\/2"}],"replies":[{"embeddable":true,"href":"https:\/\/seineavenue.com\/en\/wp-json\/wp\/v2\/comments?post=1673"}],"version-history":[{"count":2,"href":"https:\/\/seineavenue.com\/en\/wp-json\/wp\/v2\/pages\/1673\/revisions"}],"predecessor-version":[{"id":2401,"href":"https:\/\/seineavenue.com\/en\/wp-json\/wp\/v2\/pages\/1673\/revisions\/2401"}],"wp:attachment":[{"href":"https:\/\/seineavenue.com\/en\/wp-json\/wp\/v2\/media?parent=1673"}],"curies":[{"name":"wp","href":"https:\/\/api.w.org\/{rel}","templated":true}]}}